{"id":169261,"date":"2024-12-26T14:08:45","date_gmt":"2024-12-26T13:08:45","guid":{"rendered":"https:\/\/campingauport.com\/mentions-legales\/"},"modified":"2025-05-27T09:50:21","modified_gmt":"2025-05-27T07:50:21","slug":"mentions-legales","status":"publish","type":"page","link":"https:\/\/campingauport.com\/de\/mentions-legales\/","title":{"rendered":"Rechtliche Hinweise"},"content":{"rendered":"\n<div class=\"wp-block-group alignfull has-global-padding is-layout-constrained wp-container-core-group-is-layout-73e2de76 wp-block-group-is-layout-constrained\" style=\"padding-top:84px;padding-bottom:var(--wp--preset--spacing--40)\">\n<div class=\"wp-block-columns alignwide are-vertically-aligned-center is-layout-flex wp-container-core-columns-is-layout-a85f4655 wp-block-columns-is-layout-flex\">\n<div class=\"wp-block-column is-layout-flow wp-block-column-is-layout-flow\">\n<h1 class=\"wp-block-heading alignwide has-text-align-center\">Rechtliche Hinweise<\/h1>\n\n\n\n<h2 class=\"wp-block-heading ls-heading\">Verantwortlich f\u00fcr die Website<\/h2>\n\n\n\n<p>Firmenname: LES SARTIERES<br \/>Firmensitz: LE TREPIED DU PLOMB 17137 L&#8217;HOUMEAU<br \/>RCS: 37748519800032<br \/>Gesellschaftsform: Vereinfachte Aktiengesellschaft<br \/>Umsatzsteuer-Identifikationsnummer: FR06377485198<\/p>\n\n\n\n<h2 class=\"wp-block-heading ls-heading\">REALISIERUNG<\/h2>\n\n\n\n<p class=\"ls-paragraph\"><strong>GEEK TONIC<\/strong><br \/>Vertreten durch Herrn Yohan Darmayan in seiner Eigenschaft als Gesch\u00e4ftsf\u00fchrer<br \/>Gesch\u00e4ftssitz: 50 AV. DU LAC MARION 64200 BIARRITZ<br \/>Tel.: 05 32 74 11 52<br \/>E-mail: support@geek-tonic.com<br \/>Website: <a href=\"https:\/\/www.geek-tonic.com\/\" target=\"_blank\" rel=\"noopener\">www.geek-tonic.com<\/a><br \/>SIRET: 89746755100015<br \/>APE: 6201Z <\/p>\n\n\n\n<h2 class=\"wp-block-heading\">Unterkunft<\/h2>\n\n\n\n<p>Die Website wird auf den Servern von OVH<br \/>SAS mit einem Kapital von 500 K\u20ac<br \/>Firmensitz: 2 rue Kellermann &#8211; 59100 Roubaix &#8211; Frankreich<br \/>RCS Roubaix \u00e0 Tourcoing 424 761 419 00011<br \/>Telefonnummer: 08 203 203 63 &#8211; 0.118 \u20ac\/Min.<\/p>\n\n\n\n<h2 class=\"wp-block-heading ls-heading\">Redaktioneller Inhalt<\/h2>\n\n\n\n<p>Die Website bietet redaktionelle Inhalte (Hotel, Zimmer&#8230;) nur zu Dokumentationszwecken und zu Informationszwecken. Diese Inhalte sind als Denkanst\u00f6\u00dfe zu verstehen. Die Nutzer werden vom Herausgeber aufgefordert, diese Informationen mit kritischem Geist und Urteilsverm\u00f6gen zu nutzen.  <\/p>\n\n\n\n<h2 class=\"wp-block-heading\">Hyperlinks zu Websites Dritter<\/h2>\n\n\n\n<p>Die Website enth\u00e4lt Hypertext-Links zu Websites, die von Dritten herausgegeben werden. Die Einrichtung dieser Links bedeutet nicht, dass der Herausgeber den Inhalt dieser Websites billigt. Der Herausgeber kann den Inhalt dieser Websites nicht st\u00e4ndig kontrollieren und kann daher nicht garantieren: die Richtigkeit, Zuverl\u00e4ssigkeit, Relevanz, Aktualisierung oder Vollst\u00e4ndigkeit ihres Inhalts; ihren Zugang und ihr gutes technisches Funktionieren. Der Herausgeber haftet daher nicht f\u00fcr eventuelle Streitigkeiten zwischen einer auf der Website verlinkten Website und einem Nutzer. Nur die Herausgeber der Websites, auf die auf der Website verwiesen wird, k\u00f6nnen haftbar gemacht werden.    <\/p>\n\n\n\n<h2 class=\"wp-block-heading\">Schutz des Privatlebens und pers\u00f6nlicher Daten<\/h2>\n\n\n\n<p>Die Website sammelt pers\u00f6nliche Informationen, die von den Nutzern bei ihrem Besuch auf der Website angegeben werden. Diese Sammlung erm\u00f6glicht : Die Erstellung von allgemeinen Statistiken \u00fcber den Verkehr auf der Website; die Versendung von Antworten, verschiedenen Informationen oder Anzeigen des Herausgebers an die von den Nutzern angegebenen E-Mail-Adressen. Die Sammlung und Verarbeitung von pers\u00f6nlichen Informationen im Internet muss unter Beachtung der Grundrechte der Personen erfolgen. Daher verpflichtet sich der Herausgeber zu einer Verarbeitungspolitik in \u00dcbereinstimmung mit dem Gesetz Nr. 2004-575 vom 21. Juni 2004 f\u00fcr das Vertrauen in die digitale Wirtschaft. Jeder Nutzer der Website hat das Recht, auf die ihn betreffenden pers\u00f6nlichen Daten zuzugreifen, sie zu \u00e4ndern, zu berichtigen oder zu l\u00f6schen. Er kann diese Rechte aus\u00fcben, indem er den Herausgeber \u00fcber die im oberen Teil der Seite angegebenen Kontaktdaten kontaktiert. Um die Aus\u00fcbung dieser Rechte zu erleichtern, k\u00f6nnen sich die Nutzer der Website abmelden, indem sie auf die Abmeldelinks in den E-Mails klicken, die ihnen zugesandt werden. Die Computer, die sich mit den Servern der Website verbinden, erhalten auf ihrer Festplatte eine oder mehrere Dateien in einem sehr leichten Textformat, die allgemein als \u201eCookies\u201c bezeichnet werden. Cookies speichern Informationen \u00fcber die Navigation auf der Website, die von dem Computer aus erfolgt, auf dem das \u201eCookie\u201c gespeichert ist (die besuchten Seiten, das Datum und die Uhrzeit des Besuchs usw.). Sie erm\u00f6glichen es, aufeinanderfolgende Besuche von demselben Computer aus zu identifizieren. Personen, die mit der Website verbunden sind, haben das Recht, die Speicherung von \u201eCookies\u201c zu verweigern. Dazu k\u00f6nnen sie die entsprechenden Funktionen ihres Browsers nutzen. Der Herausgeber weist die Nutzer jedoch darauf hin, dass in einem solchen Fall der Zugang zu bestimmten Diensten der Website beeintr\u00e4chtigt oder sogar unm\u00f6glich sein kann.            <\/p>\n\n\n\n<h2 class=\"wp-block-heading\">Sicherheit des Handels<\/h2>\n\n\n\n<p>Der Herausgeber verpflichtet sich, alle rechtlichen und technischen Ma\u00dfnahmen zu ergreifen, um den Datenaustausch zu sichern. In diesem Zusammenhang verpflichtet sich der Herausgeber zu einer Mittelverpflichtung, um die Entwendung von Daten zu verhindern und die geltenden Vorschriften einzuhalten. Dennoch sind den Nutzern der Website die technischen Besonderheiten des Internets und die damit verbundenen Risiken bekannt. Daher kann der Ver\u00f6ffentlicher seinen Nutzern nicht garantieren, dass die \u00fcber die auf der Website angebotenen Dienste ausgetauschten Daten nicht in betr\u00fcgerischer Weise von Dritten gesammelt werden.   <\/p>\n\n\n\n<h2 class=\"wp-block-heading\">Rechte an geistigem Eigentum<\/h2>\n\n\n\n<p>Der Herausgeber ist Inhaber von Rechten an bestimmten Daten, die durch das Gesetz \u00fcber geistiges Eigentum gesch\u00fctzt sind. Dies gilt insbesondere f\u00fcr seine Marke(n), seine Grafiken und seine Datenbank. Folglich ist es verboten, diese Daten ohne die ausdr\u00fcckliche Zustimmung des Herausgebers offline oder online, kostenlos oder gegen Entgelt ganz oder teilweise zu nutzen.  <\/p>\n\n\n\n<h2 class=\"wp-block-heading\">Verf\u00fcgbarkeit der Dienste<\/h2>\n\n\n\n<p>Der Ver\u00f6ffentlicher hat eine Mittelverpflichtung hinsichtlich der Zug\u00e4nglichkeit des Dienstes und setzt die notwendigen Strukturen ein, um die Website an 7 Tagen in der Woche und 24 Stunden am Tag zug\u00e4nglich zu machen. Der Ver\u00f6ffentlicher kann jedoch den Zugang ohne vorherige Ank\u00fcndigung aussetzen, insbesondere f\u00fcr Wartungsarbeiten und Upgrades. Der Ver\u00f6ffentlicher haftet in keinem Fall f\u00fcr eventuelle Sch\u00e4den, die dem Nutzer oder Dritten daraus entstehen k\u00f6nnen. Der Ver\u00f6ffentlicher kann jederzeit alle oder einen Teil seiner Dienste einstellen oder deren Inhalt \u00e4ndern, insbesondere aus technischen Gr\u00fcnden, und dies ohne vorherige Ank\u00fcndigung. Der Ver\u00f6ffentlicher beh\u00e4lt sich das Recht vor, einseitig und ohne vorherige Ank\u00fcndigung jedem Nutzer den Zugang zur gesamten oder zu Teilen der Website zu verweigern. Eine solche Entscheidung kann insbesondere dann getroffen werden, wenn ein Nutzer die Bedingungen des vorliegenden Textes nicht einh\u00e4lt.     <\/p>\n\n\n\n<h2 class=\"wp-block-heading\">Ombudsmann bei Streitigkeiten<\/h2>\n\n\n\n<p>Nachdem der Kunde sich an den Kundendienst gewandt hat und keine zufriedenstellende Antwort erhalten hat oder innerhalb von 60 Tagen keine Antwort erhalten hat, kann er sich kostenlos an den Ombudsmann f\u00fcr Tourismus und Reisen wenden, dessen Kontaktdaten und Modalit\u00e4ten auf der Website: www.mtv.travel zu finden sind.<\/p>\n\n\n\n<h2 class=\"wp-block-heading\">Adresse der Verbraucherschlichtung<\/h2>\n\n\n\n<p>Mediation Tourisme Voyage<br \/>BP 80303<br \/>75823 Paris Cedex 17<\/p>\n\n\n\n<h2 class=\"wp-block-heading\">Telefonwerbung<\/h2>\n\n\n\n<p>Sie haben die M\u00f6glichkeit, sich auf der Bloctel-Liste zur Verhinderung von Telefonwerbung einzutragen: https:\/\/conso.bloctel.fr<\/p>\n\n\n\n<h2 class=\"wp-block-heading\">Anwendbares Recht<\/h2>\n\n\n\n<p class=\"ls-paragraph\">Dieser Text unterliegt dem franz\u00f6sischen Recht. Der Herausgeber beh\u00e4lt sich das Recht vor, die Bedingungen und Hinweise jederzeit zu \u00e4ndern. <\/p>\n<\/div>\n<\/div>\n<\/div>\n\n<p><\/p>\n","protected":false},"excerpt":{"rendered":"<p>Rechtliche Hinweise Verantwortlich f\u00fcr die Website Firmenname: LES SARTIERESFirmensitz: LE TREPIED DU PLOMB 17137 L&#8217;HOUMEAURCS: 37748519800032Gesellschaftsform: Vereinfachte AktiengesellschaftUmsatzsteuer-Identifikationsnummer: FR06377485198 REALISIERUNG GEEK TONICVertreten durch Herrn Yohan Darmayan in seiner Eigenschaft als Gesch\u00e4ftsf\u00fchrerGesch\u00e4ftssitz: 50 AV. DU LAC MARION 64200 BIARRITZTel.: 05 32 74 11 52E-mail: support@geek-tonic.comWebsite: www.geek-tonic.comSIRET: 89746755100015APE: 6201Z Unterkunft Die Website wird auf den Servern von [&hellip;]<\/p>\n","protected":false},"author":1,"featured_media":168429,"parent":0,"menu_order":0,"comment_status":"closed","ping_status":"closed","template":"","meta":{"_acf_changed":false,"_seopress_robots_primary_cat":"","_seopress_titles_title":"legale Erw\u00e4hnungen","_seopress_titles_desc":"Lesen Sie die rechtlichen Hinweise des Camping Paradis Au Port de L'Houmeau: Informationen \u00fcber den Herausgeber, das Hosting, den Datenschutz und das geistige Eigentum.","_seopress_robots_index":"yes","inline_featured_image":false,"gt_fse_maillage_image":"https:\/\/campingauport.com\/wp-content\/uploads\/sites\/8\/2025\/02\/2024.09.15-shooting-lifestyle-a-la-corniche-web-12.webp","gt_fse_maillage_titre":"Rechtliche Hinweise","gt_fse_maillage_alt":"Rechtliche Hinweise","gt_fse_maillage_resume":"","footnotes":""},"categories":[],"tags":[],"class_list":["post-169261","page","type-page","status-publish","has-post-thumbnail"],"acf":[],"_links":{"self":[{"href":"https:\/\/campingauport.com\/de\/wp-json\/wp\/v2\/pages\/169261","targetHints":{"allow":["GET"]}}],"collection":[{"href":"https:\/\/campingauport.com\/de\/wp-json\/wp\/v2\/pages"}],"about":[{"href":"https:\/\/campingauport.com\/de\/wp-json\/wp\/v2\/types\/page"}],"author":[{"embeddable":true,"href":"https:\/\/campingauport.com\/de\/wp-json\/wp\/v2\/users\/1"}],"replies":[{"embeddable":true,"href":"https:\/\/campingauport.com\/de\/wp-json\/wp\/v2\/comments?post=169261"}],"version-history":[{"count":2,"href":"https:\/\/campingauport.com\/de\/wp-json\/wp\/v2\/pages\/169261\/revisions"}],"predecessor-version":[{"id":177312,"href":"https:\/\/campingauport.com\/de\/wp-json\/wp\/v2\/pages\/169261\/revisions\/177312"}],"wp:featuredmedia":[{"embeddable":true,"href":"https:\/\/campingauport.com\/de\/wp-json\/wp\/v2\/media\/168429"}],"wp:attachment":[{"href":"https:\/\/campingauport.com\/de\/wp-json\/wp\/v2\/media?parent=169261"}],"wp:term":[{"taxonomy":"category","embeddable":true,"href":"https:\/\/campingauport.com\/de\/wp-json\/wp\/v2\/categories?post=169261"},{"taxonomy":"post_tag","embeddable":true,"href":"https:\/\/campingauport.com\/de\/wp-json\/wp\/v2\/tags?post=169261"}],"curies":[{"name":"wp","href":"https:\/\/api.w.org\/{rel}","templated":true}]}}